{"id":31,"date":"2021-12-28T17:45:54","date_gmt":"2021-12-28T16:45:54","guid":{"rendered":"https:\/\/byte42.de\/chatsimulator\/?page_id=31"},"modified":"2021-12-29T18:26:38","modified_gmt":"2021-12-29T17:26:38","slug":"shitstorm-simulator","status":"publish","type":"page","link":"https:\/\/byte42.de\/chatsimulator\/spielvarianten\/shitstorm-simulator\/","title":{"rendered":"Shitstorm-Simulator"},"content":{"rendered":"\n<p><\/p>\n\n\n\n<p>Beschreibung und Ablauf: F\u00fcr den Shitstorm-Simulator \u00fcbernehmen zwei Teilnehmer*innen die Rolle der &#8222;Trigger&#8220;.sind die sogenannten \u201eTrigger\u201c. Die Trigger denken sich gemeinsam oder jede_r f\u00fcr sich aus, was sie im Chat posten wollen; ob es provokativ sein soll oder zun\u00e4chst eher zur\u00fcckhaltend, um die Aufgabe f\u00fcr die anderen Teilnehmer*innen mehr oder weniger schwierig zu gestalten.<\/p>\n\n\n\n<p>Die Trigger starten den Simulator, in dem sie einen Kommentar ver\u00f6ffentlichen, ein Statement abgeben oder einfach chatten.<\/p>\n\n\n\n<p>An die \u00fcbrigen Teilnehmer*innen k\u00f6nnen nach und nach im Lauf des Chats Rollenkarten verteilt werden. Sie erhalten in der Simulation jeweils einen speziellen Charakter, der den weiteren Ablauf auf unterschiedliche Art und Weise beeinflusst.<\/p>\n\n\n\n<p>Es kann wichtig sein, dass Teamleiter*innen mit den Teilnehmer*innen \u00fcber ihre Rollen sprechen. Es sollte auf alle F\u00e4lle nachgefragt werden, ob sie ihre Rolle auch verstanden haben und vielleicht auch schon erste Ideen f\u00fcr Beitr\u00e4ge in der jeweiligen Rolle besprochen werden. So kann festgestellt werden, ob sie sich mit der Rolle identifizieren k\u00f6nnen. Die Teilnehmer*innen m\u00fcssen sich f\u00fcr eine kurze Zeit mit den jeweiligen Charakteren identifizieren und sollten mit der \u00dcbernahme des Charakters einverstanden sein.<\/p>\n\n\n\n<p>Der Shitstorm-Simulator kann einzeln oder zu zweit an einem Ger\u00e4t gespielt werden. Sitzt jede*r vor einem eigenen Ger\u00e4t, erkl\u00e4ren die Teamer\/innen den Teilnehmer*innen, dass w\u00e4hrend der Simulation nicht gesprochen werden soll. Die Kommunikation findet ausschlie\u00dflich \u00fcber den Chat statt. Die Zielvorgabe f\u00fcr alle soll lauten:<\/p>\n\n\n\n<p class=\"has-large-font-size\">Du willst Anerkennung und Aufmerksamkeit und du willst dich gut f\u00fchlen.<\/p>\n\n\n\n<p>Die Teamer*innen achten darauf, dass die Simulation in einem zumutbaren Rahmen verl\u00e4uft.<\/p>\n\n\n\n<p>Die Trigger, die zuvor den Raum verlassen haben, kommen nun wieder hinzu und starten die Simulation mit einem Posting. Andere Teilnehmer*innen k\u00f6nnen das Geschriebene kommentieren. Dabei kommentieren die anderen Teilnehmer*innen nach und nach aus den ihnen zugewiesenen Rollen. Die Trigger reagieren auf die Kommentare, betreiben \u201eSchadensbegrenzung\u201c oder versuchen, in den Dialog mit den Kommentator*innen zu treten.<\/p>\n\n\n\n<p>Nachbearbeitung\/ Refexion: Die Teilnehmer*innen mit einer Rollenkarte erl\u00e4utern ihre Rolle in dem Chat. Sie \u00e4u\u00dfern, was sie empfunden haben, was ihnen problematisch und schwierig erschien, aber auch, ob es Dinge gab, die ihnen gefielen und leicht fielen.<\/p>\n\n\n\n<p>Die Trigger, welche den Shitstorm \u00fcber sich ergehen lassen mussten, berichten \u00fcber die Erfahrung und den Umgang mit Kritik und Anfeindung, welche sich pl\u00f6tzlich verselbstst\u00e4ndigten. Sie machen deutlich, welche Gef\u00fchle sie hatten. Hierzu k\u00f6nnen sie beispielhaft problematische Kommentare nennen und diese mit den anderen TN diskutieren.<\/p>\n\n\n\n<p>Wichtig w\u00e4re es f\u00fcr alle festzustellen, dass es ist nicht zwingend notwendig ist, ein brisantes Thema zu w\u00e4hlen \u2013 es soll vielmehr aufgezeigt werden, dass sich ein sogenannter Shitstorm auch aus einem \u201eneutralen\u201c Thema heraus entwickeln kann.<\/p>\n\n\n\n<p><a href=\"https:\/\/byte42.de\/chatsimulator\/spielvarianten\/shitstorm-simulator\/rollenkarten-fuer-den-shitstorm-simulator\/\" data-type=\"URL\" data-id=\"https:\/\/byte42.de\/chatsimulator\/spielvarianten\/shitstorm-simulator\/rollenkarten-fuer-den-shitstorm-simulator\/\" target=\"_blank\" rel=\"noreferrer noopener\">Hier<\/a> klicken, um zu den Rollenkarten des Shitstorm-Simulators zu gelangen. Die Seite ist passwortgesch\u00fctzt. Das Passwort erhalten Sie \u00fcber eine Email an jens.wiemken[at]posteo.de.<\/p>\n","protected":false},"excerpt":{"rendered":"<p>Beschreibung und Ablauf: F\u00fcr den Shitstorm-Simulator \u00fcbernehmen zwei Teilnehmer*innen die Rolle der &#8222;Trigger&#8220;.sind die sogenannten \u201eTrigger\u201c. Die Trigger denken sich gemeinsam oder jede_r f\u00fcr sich aus, was sie im Chat posten wollen; ob es provokativ sein soll oder zun\u00e4chst eher zur\u00fcckhaltend, um die Aufgabe f\u00fcr die anderen Teilnehmer*innen mehr oder weniger schwierig zu gestalten. Die&hellip; <a class=\"more-link\" href=\"https:\/\/byte42.de\/chatsimulator\/spielvarianten\/shitstorm-simulator\/\"><span class=\"screen-reader-text\">Shitstorm-Simulator<\/span> weiterlesen<\/a><\/p>\n","protected":false},"author":1,"featured_media":0,"parent":33,"menu_order":5,"comment_status":"closed","ping_status":"closed","template":"","meta":{"footnotes":""},"class_list":["post-31","page","type-page","status-publish","hentry","entry"],"_links":{"self":[{"href":"https:\/\/byte42.de\/chatsimulator\/wp-json\/wp\/v2\/pages\/31","targetHints":{"allow":["GET"]}}],"collection":[{"href":"https:\/\/byte42.de\/chatsimulator\/wp-json\/wp\/v2\/pages"}],"about":[{"href":"https:\/\/byte42.de\/chatsimulator\/wp-json\/wp\/v2\/types\/page"}],"author":[{"embeddable":true,"href":"https:\/\/byte42.de\/chatsimulator\/wp-json\/wp\/v2\/users\/1"}],"replies":[{"embeddable":true,"href":"https:\/\/byte42.de\/chatsimulator\/wp-json\/wp\/v2\/comments?post=31"}],"version-history":[{"count":2,"href":"https:\/\/byte42.de\/chatsimulator\/wp-json\/wp\/v2\/pages\/31\/revisions"}],"predecessor-version":[{"id":76,"href":"https:\/\/byte42.de\/chatsimulator\/wp-json\/wp\/v2\/pages\/31\/revisions\/76"}],"up":[{"embeddable":true,"href":"https:\/\/byte42.de\/chatsimulator\/wp-json\/wp\/v2\/pages\/33"}],"wp:attachment":[{"href":"https:\/\/byte42.de\/chatsimulator\/wp-json\/wp\/v2\/media?parent=31"}],"curies":[{"name":"wp","href":"https:\/\/api.w.org\/{rel}","templated":true}]}}