{"id":25,"date":"2021-12-28T17:32:13","date_gmt":"2021-12-28T16:32:13","guid":{"rendered":"https:\/\/byte42.de\/chatsimulator2\/?page_id=25"},"modified":"2022-01-04T11:12:14","modified_gmt":"2022-01-04T10:12:14","slug":"warum","status":"publish","type":"page","link":"https:\/\/byte42.de\/chatsimulator2\/","title":{"rendered":"Warum?"},"content":{"rendered":"\n<p>Zur Ausgangslage: Kinder und Jugendliche halten sich wie selbstverst\u00e4ndlich in digitalen R\u00e4umen auf und kommunizieren digital. Digitale Kommunikation hat \u00e4hnlich einer analogen Kommunikation Eigenheiten. Kinder und Jugendliche werden von Erwachsenen auf die Eigenheiten der analogen Kommunikation vorbereitet und begleitet, jedoch nicht auf die Eigenheiten der digitalen Kommunikation.<\/p>\n\n\n\n<p>Der Chat-Simulator soll dazu dienen digitale \u00dcbungsr\u00e4ume zu schaffen, damit Kinder und Jugendliche ungef\u00e4hrdet Eigenheiten und Dynamiken einer digitalen Kommunikation erfahren und erleben k\u00f6nnen. Das Angebot richtet sich aufgrund der &#8222;Medienverfr\u00fchung&#8220; bzw. des immer fr\u00fcheren Zugangs zu Ger\u00e4ten, die eine Chat-Kommunikation erlauben an Sch\u00fcler*innen ab der 4. Klasse. <\/p>\n\n\n\n<p>Das Ziel einer Chat-Simulation: Die Teilnehmer*innen werden durch den Chat-Simulator f\u00fcr die eigendynamische Kommunikation in sozialen Netzwerken sensibilisiert. Sie erleben, selbst abzuw\u00e4gen, was ein Post (u.a. bei Messengern wie etwa WhatsApp, Kurznachrichten-Dienste wie Twitter oder auf SocialMedia-Plattformen) ausl\u00f6sen kann und welche Dynamiken entstehen k\u00f6nnen.<\/p>\n\n\n\n<p>Mit dem Chat-Simulator kann in einer gesicherten Umgebung DSGVO-konform Kommunikation in digitalen R\u00e4umen ge\u00fcbt werden. Niemand braucht sich anmelden oder registrieren, kein Posting gelangt in einen offiziellen oder kommerziellen SocialMedia- oder Messenger-Kanal. Die Chats werden regelm\u00e4\u00dfig gel\u00f6scht und nicht abgespeichert.<\/p>\n\n\n\n<p>Dennoch h\u00e4lt der Chat-Simulator eine authentische Chat-Umgebung bereit. Reply (Antworten auf ein Posting, bzw. kommentieren) und Emojis bieten neben der Texteingabe die \u201enat\u00fcrlichen\u201c M\u00f6glichkeiten der digitalen Kommunikation.<\/p>\n\n\n\n<p>Was gebraucht wird, um den Chat-Simulator zu nutzen steht im Men\u00fceintrag <a href=\"https:\/\/byte42.de\/chatsimulator2\/warum\/was-wird-gebraucht\/\" data-type=\"URL\" data-id=\"https:\/\/byte42.de\/chatsimulator2\/warum\/was-wird-gebraucht\/\">WAS WIRD GEBRAUCHT?<\/a>. Einen \u00dcberblick \u00fcber die bisherigen Szenarien der Men\u00fcpunkt <a href=\"https:\/\/byte42.de\/chatsimulator2\/spielvarianten\/\" data-type=\"URL\" data-id=\"https:\/\/byte42.de\/chatsimulator2\/spielvarianten\/\">SPIELVARIANTEN<\/a>.<\/p>\n\n\n\n<p>Schulungen zur Nutzung und Infos gibt es unter der Email-Adresse jens.wiemken[at]posteo.de mit dem Betreff CHATSIMULATOR.<\/p>\n","protected":false},"excerpt":{"rendered":"<p>Zur Ausgangslage: Kinder und Jugendliche halten sich wie selbstverst\u00e4ndlich in digitalen R\u00e4umen auf und kommunizieren digital. Digitale Kommunikation hat \u00e4hnlich einer analogen Kommunikation Eigenheiten. Kinder und Jugendliche werden von Erwachsenen auf die Eigenheiten der analogen Kommunikation vorbereitet und begleitet, jedoch nicht auf die Eigenheiten der digitalen Kommunikation. Der Chat-Simulator soll dazu dienen digitale \u00dcbungsr\u00e4ume zu&hellip; <a class=\"more-link\" href=\"https:\/\/byte42.de\/chatsimulator2\/\"><span class=\"screen-reader-text\">Warum?<\/span> weiterlesen<\/a><\/p>\n","protected":false},"author":1,"featured_media":0,"parent":0,"menu_order":20,"comment_status":"closed","ping_status":"closed","template":"","meta":{"footnotes":""},"class_list":["post-25","page","type-page","status-publish","hentry","entry"],"_links":{"self":[{"href":"https:\/\/byte42.de\/chatsimulator2\/wp-json\/wp\/v2\/pages\/25","targetHints":{"allow":["GET"]}}],"collection":[{"href":"https:\/\/byte42.de\/chatsimulator2\/wp-json\/wp\/v2\/pages"}],"about":[{"href":"https:\/\/byte42.de\/chatsimulator2\/wp-json\/wp\/v2\/types\/page"}],"author":[{"embeddable":true,"href":"https:\/\/byte42.de\/chatsimulator2\/wp-json\/wp\/v2\/users\/1"}],"replies":[{"embeddable":true,"href":"https:\/\/byte42.de\/chatsimulator2\/wp-json\/wp\/v2\/comments?post=25"}],"version-history":[{"count":0,"href":"https:\/\/byte42.de\/chatsimulator2\/wp-json\/wp\/v2\/pages\/25\/revisions"}],"wp:attachment":[{"href":"https:\/\/byte42.de\/chatsimulator2\/wp-json\/wp\/v2\/media?parent=25"}],"curies":[{"name":"wp","href":"https:\/\/api.w.org\/{rel}","templated":true}]}}